{"id":49,"date":"2018-08-24T08:04:40","date_gmt":"2018-08-24T08:04:40","guid":{"rendered":"http:\/\/demo.acmethemes.com\/travel-way\/?page_id=49"},"modified":"2024-04-17T12:09:26","modified_gmt":"2024-04-17T09:09:26","slug":"contact","status":"publish","type":"page","link":"https:\/\/gamasocks.com\/en\/contact","title":{"rendered":"CONTACT"},"content":{"rendered":"<div id=\"pl-49\"  class=\"panel-layout\" ><div id=\"pg-49-0\"  class=\"panel-grid panel-no-style\" ><div id=\"pgc-49-0-0\"  class=\"panel-grid-cell\" ><div id=\"panel-49-0-0-0\" class=\"so-panel widget widget_sow-editor panel-first-child panel-last-child\" data-index=\"0\" ><div\n\t\t\t\n\t\t\tclass=\"so-widget-sow-editor so-widget-sow-editor-base\"\n\t\t\t\n\t\t>\n<div class=\"siteorigin-widget-tinymce textwidget\">\n\t<p><iframe src=\"https:\/\/www.google.com\/maps\/embed?pb=!1m18!1m12!1m3!1d192644.32258140686!2d28.670143241534177!3d41.02377827865478!2m3!1f0!2f0!3f0!3m2!1i1024!2i768!4f13.1!3m3!1m2!1s0x14caa493eaa519c3%3A0xa7b6e86a4780fab9!2zRG_En2FuIEthcmRlxZ9sZXIgxLDFnyBNZXJrZXpp!5e0!3m2!1str!2str!4v1617583348663!5m2!1str!2str\" width=\"100%\" height=\"450\" style=\"border:0;\" allowfullscreen=\"\" loading=\"lazy\"><\/iframe><\/p>\n<\/div>\n<\/div><\/div><\/div><\/div><div id=\"pg-49-1\"  class=\"panel-grid panel-no-style\" ><div id=\"pgc-49-1-0\"  class=\"panel-grid-cell\" ><div id=\"panel-49-1-0-0\" class=\"so-panel widget widget_sow-editor panel-first-child panel-last-child\" data-index=\"1\" ><div\n\t\t\t\n\t\t\tclass=\"so-widget-sow-editor so-widget-sow-editor-base\"\n\t\t\t\n\t\t>\n<div class=\"siteorigin-widget-tinymce textwidget\">\n\t<p>&nbsp;<\/p>\n<h2>Hatuno\u011flu Tekstil San. ve Tic. Ltd. \u015eti.<\/h2>\n<p><strong>Address :<\/strong> Yenibosna Merkez Mah. Hicaz Sk.<br \/>\nDo\u011fan Karde\u015fler \u0130\u015f Merkezi.<br \/>\nNo:5\/2 Bah\u00e7elievler \/ \u0130STANBUL \/ TURKEY<\/p>\n<hr \/>\n<p><a href=\"tel:+90-212-652-31-42\"><strong>Tel :<\/strong> +90 212 652 31 42<\/a> -<a href=\"tel:+90-212-452-30-89\"> +90 212 452 30 89<\/a><br \/>\n<a href=\"tel:+90-212-639-17-50\"><strong>Fax :<\/strong> +90 212 639 17 50<\/a><br \/>\n<a href=\"tel:+90-533-342-19-92\"><strong>GSM :<\/strong> +90 533 342 19 92<\/a><br \/>\n<a href=\"mailto:info@gamasocks.com\"><strong>E-Mail : info@gamasocks.com<\/strong><\/a><\/p>\n<\/div>\n<\/div><\/div><\/div><div id=\"pgc-49-1-1\"  class=\"panel-grid-cell\" ><div id=\"panel-49-1-1-0\" class=\"so-panel widget widget_sow-editor panel-first-child panel-last-child\" data-index=\"2\" ><div\n\t\t\t\n\t\t\tclass=\"so-widget-sow-editor so-widget-sow-editor-base\"\n\t\t\t\n\t\t>\n<div class=\"siteorigin-widget-tinymce textwidget\">\n\t<div class=\"forminator-ui forminator-custom-form forminator-custom-form-1269 forminator-design--default  forminator_ajax\" data-forminator-render=\"0\" data-form=\"forminator-module-1269\" data-uid=\"69d3c7644a81a\"><br\/><\/div><form\n\t\t\t\tid=\"forminator-module-1269\"\n\t\t\t\tclass=\"forminator-ui forminator-custom-form forminator-custom-form-1269 forminator-design--default  forminator_ajax\"\n\t\t\t\tmethod=\"post\"\n\t\t\t\tdata-forminator-render=\"0\"\n\t\t\t\tdata-form-id=\"1269\"\n\t\t\t\t\n\t\t\t\tdata-design=\"default\"\n\t\t\t\t\n\t\t\t\t\n\t\t\t\t\n\t\t\t\tdata-grid=\"open\"\n\t\t\t\t\n\t\t\t\t\n\t\t\t\tstyle=\"display: none;\"\n\t\t\t\t\n\t\t\t\tdata-uid=\"69d3c7644a81a\"\n\t\t\t><div role=\"alert\" aria-live=\"polite\" class=\"forminator-response-message forminator-error\" aria-hidden=\"true\"><\/div><div class=\"forminator-row\"><div id=\"name-1\" class=\"forminator-field-name forminator-col forminator-col-12 \"><div class=\"forminator-field\"><label for=\"forminator-field-name-1_69d3c7644a81a\" id=\"forminator-field-name-1_69d3c7644a81a-label\" class=\"forminator-label\">\u0130lk Ad <span class=\"forminator-required\">*<\/span><\/label><input type=\"text\" name=\"name-1\" value=\"\" placeholder=\"Name\" id=\"forminator-field-name-1_69d3c7644a81a\" class=\"forminator-input forminator-name--field\" aria-required=\"true\" \/><\/div><\/div><\/div><div class=\"forminator-row\"><div id=\"email-1\" class=\"forminator-field-email forminator-col forminator-col-12 \"><div class=\"forminator-field\"><label for=\"forminator-field-email-1_69d3c7644a81a\" id=\"forminator-field-email-1_69d3c7644a81a-label\" class=\"forminator-label\">E-posta Adresi <span class=\"forminator-required\">*<\/span><\/label><input type=\"email\" name=\"email-1\" value=\"\" placeholder=\"E-Mail\" id=\"forminator-field-email-1_69d3c7644a81a\" class=\"forminator-input forminator-email--field\" data-required=\"true\" aria-required=\"true\" \/><\/div><\/div><\/div><div class=\"forminator-row\"><div id=\"phone-1\" class=\"forminator-field-phone forminator-col forminator-col-12 \"><div class=\"forminator-field\"><label for=\"forminator-field-phone-1_69d3c7644a81a\" id=\"forminator-field-phone-1_69d3c7644a81a-label\" class=\"forminator-label\">Telefon Numaras\u0131<\/label><input type=\"text\" name=\"phone-1\" value=\"\" placeholder=\"Phone Number\" id=\"forminator-field-phone-1_69d3c7644a81a\" class=\"forminator-input forminator-field--phone\" data-required=\"\" aria-required=\"false\" autocomplete=\"off\" \/><\/div><\/div><\/div><div class=\"forminator-row\"><div id=\"textarea-1\" class=\"forminator-field-textarea forminator-col forminator-col-12 \"><div class=\"forminator-field\"><label for=\"forminator-field-textarea-1_69d3c7644a81a\" id=\"forminator-field-textarea-1_69d3c7644a81a-label\" class=\"forminator-label\">Mesaj<\/label><textarea name=\"textarea-1\" placeholder=\"Mesaj\u0131n\u0131z\u0131 giriniz...\" id=\"forminator-field-textarea-1_69d3c7644a81a\" class=\"forminator-textarea\" rows=\"6\" style=\"min-height:140px;\" maxlength=\"180\" ><\/textarea><span id=\"forminator-field-textarea-1_69d3c7644a81a-description\" class=\"forminator-description\"><span data-limit=\"180\" data-type=\"characters\">0 \/ 180<\/span><\/span><\/div><\/div><\/div><div class=\"forminator-row\"><div id=\"captcha-1\" class=\"forminator-field-captcha forminator-col forminator-col-12 \"><div class=\"forminator-g-recaptcha recaptcha-invisible\" data-theme=\"light\" data-badge=\"inline\" data-sitekey=\"6LcXErcpAAAAAMzH033_dLUVgTsbEfQh0kWbGV-I\" data-size=\"invisible\"><\/div> <\/div><\/div><input type=\"hidden\" name=\"referer_url\" value=\"\" \/><div class=\"forminator-row forminator-row-last\"><div class=\"forminator-col\"><div class=\"forminator-field\"><button class=\"forminator-button forminator-button-submit\">Mesaj G&ouml;nder<\/button><\/div><\/div><\/div><input type=\"hidden\" id=\"forminator_nonce\" name=\"forminator_nonce\" value=\"5163645197\" \/><input type=\"hidden\" name=\"_wp_http_referer\" value=\"\/en\/wp-json\/wp\/v2\/pages\/49\" \/><input type=\"hidden\" name=\"form_id\" value=\"1269\"><input type=\"hidden\" name=\"page_id\" value=\"49\"><input type=\"hidden\" name=\"form_type\" value=\"default\"><input type=\"hidden\" name=\"current_url\" value=\"https:\/\/gamasocks.com\/en\/contact\"><input type=\"hidden\" name=\"render_id\" value=\"0\"><input type=\"hidden\" name=\"action\" value=\"forminator_submit_form_custom-forms\"><\/form>\n<\/div>\n<\/div><\/div><\/div><\/div><\/div>","protected":false},"excerpt":{"rendered":"<p>&nbsp; Hatuno\u011flu Tekstil San. ve Tic. Ltd. \u015eti. Address : Yenibosna Merkez Mah. Hicaz Sk. Do\u011fan Karde\u015fler \u0130\u015f Merkezi. No:5\/2 Bah\u00e7elievler \/ \u0130STANBUL \/ TURKEY Tel : +90 212 652 31 42 &#8211; +90 212 452 30 89 Fax : +90 212 639 17 50 GSM : +90 533 342 19 92 E-Mail : info@gamasocks.com<\/p>\n","protected":false},"author":1,"featured_media":0,"parent":0,"menu_order":0,"comment_status":"closed","ping_status":"closed","template":"","meta":{"footnotes":""},"_links":{"self":[{"href":"https:\/\/gamasocks.com\/en\/wp-json\/wp\/v2\/pages\/49"}],"collection":[{"href":"https:\/\/gamasocks.com\/en\/wp-json\/wp\/v2\/pages"}],"about":[{"href":"https:\/\/gamasocks.com\/en\/wp-json\/wp\/v2\/types\/page"}],"author":[{"embeddable":true,"href":"https:\/\/gamasocks.com\/en\/wp-json\/wp\/v2\/users\/1"}],"replies":[{"embeddable":true,"href":"https:\/\/gamasocks.com\/en\/wp-json\/wp\/v2\/comments?post=49"}],"version-history":[{"count":8,"href":"https:\/\/gamasocks.com\/en\/wp-json\/wp\/v2\/pages\/49\/revisions"}],"predecessor-version":[{"id":1270,"href":"https:\/\/gamasocks.com\/en\/wp-json\/wp\/v2\/pages\/49\/revisions\/1270"}],"wp:attachment":[{"href":"https:\/\/gamasocks.com\/en\/wp-json\/wp\/v2\/media?parent=49"}],"curies":[{"name":"wp","href":"https:\/\/api.w.org\/{rel}","templated":true}]}}