{"id":324,"date":"2021-03-15T19:58:09","date_gmt":"2021-03-15T16:58:09","guid":{"rendered":"https:\/\/bakirkoybilisim.net\/tasarimlar\/eticaret\/wordpress\/tekstil\/tekstil01\/?page_id=324"},"modified":"2021-04-12T13:30:30","modified_gmt":"2021-04-12T10:30:30","slug":"our-strategy","status":"publish","type":"page","link":"https:\/\/gamasocks.com\/en\/corporate\/our-strategy","title":{"rendered":"Our Strategy"},"content":{"rendered":"<div id=\"pl-324\"  class=\"panel-layout\" ><div id=\"pg-324-0\"  class=\"panel-grid panel-no-style\" ><div id=\"pgc-324-0-0\"  class=\"panel-grid-cell\" ><div id=\"panel-324-0-0-0\" class=\"so-panel widget widget_sow-editor panel-first-child panel-last-child\" data-index=\"0\" ><div\n\t\t\t\n\t\t\tclass=\"so-widget-sow-editor so-widget-sow-editor-base\"\n\t\t\t\n\t\t>\n<div class=\"siteorigin-widget-tinymce textwidget\">\n\t<p><span style=\"color: #000000;\">Gama Socks, which builds its business strategy on providing innovative and market-leading products that make a difference in competition, operates with its constant investment in the latest technology and equipment with its , 50 years of accumulation and experience and personnel working in accordance with lean management principles. The company strives to perfect all its business processes to maintain its leadership in the global hosiery sector.<\/span><\/p>\n<\/div>\n<\/div><\/div><\/div><\/div><div id=\"pg-324-1\"  class=\"panel-grid panel-no-style\" ><div id=\"pgc-324-1-0\"  class=\"panel-grid-cell\" ><div id=\"panel-324-1-0-0\" class=\"so-panel widget widget_sow-editor panel-first-child panel-last-child\" data-index=\"1\" ><div\n\t\t\t\n\t\t\tclass=\"so-widget-sow-editor so-widget-sow-editor-base\"\n\t\t\t\n\t\t>\n<div class=\"siteorigin-widget-tinymce textwidget\">\n\t<p><img loading=\"lazy\" decoding=\"async\" class=\"aligncenter wp-image-1192 size-full\" src=\"http:\/\/gamasocks.com\/en\/wp-content\/uploads\/2021\/04\/1-8.jpg\" alt=\"\" width=\"375\" height=\"500\" srcset=\"https:\/\/gamasocks.com\/en\/wp-content\/uploads\/2021\/04\/1-8.jpg 375w, https:\/\/gamasocks.com\/en\/wp-content\/uploads\/2021\/04\/1-8-225x300.jpg 225w\" sizes=\"(max-width: 375px) 100vw, 375px\" \/><\/p>\n<\/div>\n<\/div><\/div><\/div><div id=\"pgc-324-1-1\"  class=\"panel-grid-cell\" ><div id=\"panel-324-1-1-0\" class=\"so-panel widget widget_sow-editor panel-first-child panel-last-child\" data-index=\"2\" ><div\n\t\t\t\n\t\t\tclass=\"so-widget-sow-editor so-widget-sow-editor-base\"\n\t\t\t\n\t\t>\n<div class=\"siteorigin-widget-tinymce textwidget\">\n\t<p><img loading=\"lazy\" decoding=\"async\" class=\"aligncenter wp-image-1193 size-full\" src=\"http:\/\/gamasocks.com\/en\/wp-content\/uploads\/2021\/04\/2-8.jpg\" alt=\"\" width=\"375\" height=\"500\" srcset=\"https:\/\/gamasocks.com\/en\/wp-content\/uploads\/2021\/04\/2-8.jpg 375w, https:\/\/gamasocks.com\/en\/wp-content\/uploads\/2021\/04\/2-8-225x300.jpg 225w\" sizes=\"(max-width: 375px) 100vw, 375px\" \/><\/p>\n<\/div>\n<\/div><\/div><\/div><div id=\"pgc-324-1-2\"  class=\"panel-grid-cell\" ><div id=\"panel-324-1-2-0\" class=\"so-panel widget widget_sow-editor panel-first-child panel-last-child\" data-index=\"3\" ><div\n\t\t\t\n\t\t\tclass=\"so-widget-sow-editor so-widget-sow-editor-base\"\n\t\t\t\n\t\t>\n<div class=\"siteorigin-widget-tinymce textwidget\">\n\t<p><img loading=\"lazy\" decoding=\"async\" class=\"aligncenter wp-image-1194 size-full\" src=\"http:\/\/gamasocks.com\/en\/wp-content\/uploads\/2021\/04\/3-4.jpg\" alt=\"\" width=\"375\" height=\"500\" srcset=\"https:\/\/gamasocks.com\/en\/wp-content\/uploads\/2021\/04\/3-4.jpg 375w, https:\/\/gamasocks.com\/en\/wp-content\/uploads\/2021\/04\/3-4-225x300.jpg 225w\" sizes=\"(max-width: 375px) 100vw, 375px\" \/><\/p>\n<\/div>\n<\/div><\/div><\/div><\/div><\/div>","protected":false},"excerpt":{"rendered":"<p>HATUNO\u011eLU TEKST\u0130L, ana faaliyet konusu, erkek ve bayan \u00e7orab\u0131 \u00fcretimi ve pazarlamas\u0131d\u0131r. Firmam\u0131z, Gama \u00ae Socks markal\u0131 y\u00fcn, pamuk ve merserize \u00fcr\u00fcnlerinin kalitesiyle \u00e7orap piyasas\u0131n\u0131n lideri konumundad\u0131r. \u00dcretimin her a\u015famas\u0131nda kusursuz kalite anlay\u0131\u015f\u0131n\u0131<\/p>\n","protected":false},"author":1,"featured_media":0,"parent":315,"menu_order":0,"comment_status":"closed","ping_status":"closed","template":"","meta":{"footnotes":""},"_links":{"self":[{"href":"https:\/\/gamasocks.com\/en\/wp-json\/wp\/v2\/pages\/324"}],"collection":[{"href":"https:\/\/gamasocks.com\/en\/wp-json\/wp\/v2\/pages"}],"about":[{"href":"https:\/\/gamasocks.com\/en\/wp-json\/wp\/v2\/types\/page"}],"author":[{"embeddable":true,"href":"https:\/\/gamasocks.com\/en\/wp-json\/wp\/v2\/users\/1"}],"replies":[{"embeddable":true,"href":"https:\/\/gamasocks.com\/en\/wp-json\/wp\/v2\/comments?post=324"}],"version-history":[{"count":15,"href":"https:\/\/gamasocks.com\/en\/wp-json\/wp\/v2\/pages\/324\/revisions"}],"predecessor-version":[{"id":1195,"href":"https:\/\/gamasocks.com\/en\/wp-json\/wp\/v2\/pages\/324\/revisions\/1195"}],"up":[{"embeddable":true,"href":"https:\/\/gamasocks.com\/en\/wp-json\/wp\/v2\/pages\/315"}],"wp:attachment":[{"href":"https:\/\/gamasocks.com\/en\/wp-json\/wp\/v2\/media?parent=324"}],"curies":[{"name":"wp","href":"https:\/\/api.w.org\/{rel}","templated":true}]}}